{"id":857,"date":"2026-02-14T11:21:22","date_gmt":"2026-02-14T10:21:22","guid":{"rendered":"https:\/\/easp2026strasbourg.com\/?page_id=857"},"modified":"2026-02-14T11:21:22","modified_gmt":"2026-02-14T10:21:22","slug":"our-partners","status":"publish","type":"page","link":"https:\/\/easp2026strasbourg.com\/index.php\/our-partners\/","title":{"rendered":"Our Partners"},"content":{"rendered":"\n<h1 class=\"wp-block-heading\"><strong>Our Partners<\/strong><\/h1>\n\n\n\n<p><strong>The organization of this conference has been made possible thanks to the generous support of our institutional and financial partners. We are sincerely grateful for their trust and commitment to advancing research in social psychology.<\/strong><\/p>\n\n\n\n<p><strong>Institutional partners\u00a0<\/strong><br>Laboratoire de Psychologie Sociale, Universit\u00e9 Paris Cit\u00e9\u00a0<br>Laboratoire Cognition, Langues, Langage, Ergonomie, UMR CNRS 5263, Universit\u00e9 Toulouse Jean Jaur\u00e8s\u00a0<br>Institut de Recherche M\u00e9dias, Cultures, Communication et Num\u00e9riques, Universit\u00e9 Sorbonne Nouvelle\u00a0<br>Laboratoire de Psychologie, Universit\u00e9 Marie &amp; Louis Pasteur\u00a0<br>Laboratoire de Psychologie des cognitions, Universit\u00e9 de Strasbourg\u00a0<br>Laboratoire Parisien de Psychologie Sociale, Universit\u00e9 Paris Nanterre\u00a0<br>Laboratoire de Psychologie Sociale, Universit\u00e9 Aix-Marseille\u00a0<\/p>\n","protected":false},"excerpt":{"rendered":"<p>Our Partners The organization of this conference has been made possible thanks to the generous support of our institutional and financial partners. We are sincerely grateful for their trust and commitment to advancing research in social psychology. Institutional partners\u00a0Laboratoire de Psychologie Sociale, Universit\u00e9 Paris Cit\u00e9\u00a0Laboratoire Cognition, Langues, Langage, Ergonomie, UMR CNRS 5263, Universit\u00e9 Toulouse Jean [&hellip;]<\/p>\n","protected":false},"author":2,"featured_media":0,"parent":0,"menu_order":0,"comment_status":"closed","ping_status":"closed","template":"","meta":{"ocean_post_layout":"","ocean_both_sidebars_style":"","ocean_both_sidebars_content_width":0,"ocean_both_sidebars_sidebars_width":0,"ocean_sidebar":"","ocean_second_sidebar":"","ocean_disable_margins":"enable","ocean_add_body_class":"","ocean_shortcode_before_top_bar":"","ocean_shortcode_after_top_bar":"","ocean_shortcode_before_header":"","ocean_shortcode_after_header":"","ocean_has_shortcode":"","ocean_shortcode_after_title":"","ocean_shortcode_before_footer_widgets":"","ocean_shortcode_after_footer_widgets":"","ocean_shortcode_before_footer_bottom":"","ocean_shortcode_after_footer_bottom":"","ocean_display_top_bar":"default","ocean_display_header":"default","ocean_header_style":"","ocean_center_header_left_menu":"","ocean_custom_header_template":"","ocean_custom_logo":0,"ocean_custom_retina_logo":0,"ocean_custom_logo_max_width":0,"ocean_custom_logo_tablet_max_width":0,"ocean_custom_logo_mobile_max_width":0,"ocean_custom_logo_max_height":0,"ocean_custom_logo_tablet_max_height":0,"ocean_custom_logo_mobile_max_height":0,"ocean_header_custom_menu":"","ocean_menu_typo_font_family":"","ocean_menu_typo_font_subset":"","ocean_menu_typo_font_size":0,"ocean_menu_typo_font_size_tablet":0,"ocean_menu_typo_font_size_mobile":0,"ocean_menu_typo_font_size_unit":"px","ocean_menu_typo_font_weight":"","ocean_menu_typo_font_weight_tablet":"","ocean_menu_typo_font_weight_mobile":"","ocean_menu_typo_transform":"","ocean_menu_typo_transform_tablet":"","ocean_menu_typo_transform_mobile":"","ocean_menu_typo_line_height":0,"ocean_menu_typo_line_height_tablet":0,"ocean_menu_typo_line_height_mobile":0,"ocean_menu_typo_line_height_unit":"","ocean_menu_typo_spacing":0,"ocean_menu_typo_spacing_tablet":0,"ocean_menu_typo_spacing_mobile":0,"ocean_menu_typo_spacing_unit":"","ocean_menu_link_color":"","ocean_menu_link_color_hover":"","ocean_menu_link_color_active":"","ocean_menu_link_background":"","ocean_menu_link_hover_background":"","ocean_menu_link_active_background":"","ocean_menu_social_links_bg":"","ocean_menu_social_hover_links_bg":"","ocean_menu_social_links_color":"","ocean_menu_social_hover_links_color":"","ocean_disable_title":"default","ocean_disable_heading":"default","ocean_post_title":"","ocean_post_subheading":"","ocean_post_title_style":"","ocean_post_title_background_color":"","ocean_post_title_background":0,"ocean_post_title_bg_image_position":"","ocean_post_title_bg_image_attachment":"","ocean_post_title_bg_image_repeat":"","ocean_post_title_bg_image_size":"","ocean_post_title_height":0,"ocean_post_title_bg_overlay":0.5,"ocean_post_title_bg_overlay_color":"","ocean_disable_breadcrumbs":"default","ocean_breadcrumbs_color":"","ocean_breadcrumbs_separator_color":"","ocean_breadcrumbs_links_color":"","ocean_breadcrumbs_links_hover_color":"","ocean_display_footer_widgets":"default","ocean_display_footer_bottom":"default","ocean_custom_footer_template":"","footnotes":""},"class_list":["post-857","page","type-page","status-publish","hentry","entry"],"_links":{"self":[{"href":"https:\/\/easp2026strasbourg.com\/index.php\/wp-json\/wp\/v2\/pages\/857","targetHints":{"allow":["GET"]}}],"collection":[{"href":"https:\/\/easp2026strasbourg.com\/index.php\/wp-json\/wp\/v2\/pages"}],"about":[{"href":"https:\/\/easp2026strasbourg.com\/index.php\/wp-json\/wp\/v2\/types\/page"}],"author":[{"embeddable":true,"href":"https:\/\/easp2026strasbourg.com\/index.php\/wp-json\/wp\/v2\/users\/2"}],"replies":[{"embeddable":true,"href":"https:\/\/easp2026strasbourg.com\/index.php\/wp-json\/wp\/v2\/comments?post=857"}],"version-history":[{"count":1,"href":"https:\/\/easp2026strasbourg.com\/index.php\/wp-json\/wp\/v2\/pages\/857\/revisions"}],"predecessor-version":[{"id":858,"href":"https:\/\/easp2026strasbourg.com\/index.php\/wp-json\/wp\/v2\/pages\/857\/revisions\/858"}],"wp:attachment":[{"href":"https:\/\/easp2026strasbourg.com\/index.php\/wp-json\/wp\/v2\/media?parent=857"}],"curies":[{"name":"wp","href":"https:\/\/api.w.org\/{rel}","templated":true}]}}