{"id":85,"date":"2025-07-06T12:33:09","date_gmt":"2025-07-06T10:33:09","guid":{"rendered":"https:\/\/easp2026strasbourg.com\/?page_id=85"},"modified":"2026-04-08T08:37:18","modified_gmt":"2026-04-08T06:37:18","slug":"preconferences","status":"publish","type":"page","link":"https:\/\/easp2026strasbourg.com\/index.php\/preconferences\/","title":{"rendered":"Preconferences"},"content":{"rendered":"\n<h1 class=\"wp-block-heading\"><strong>EASP 2026 PRECONFERENCES<\/strong><br><\/h1>\n\n\n\n<h2 class=\"wp-block-heading\"><strong>Strasbourg, France \u2013 30 June 2026<\/strong><\/h2>\n\n\n\n<p>Before the official opening of the 2026 European Association of Social Psychology (EASP) General Meeting, twelve thematic preconferences will take place on 30 June 2026 in Strasbourg, France. All preconferences will be hosted in three buildings of the University of Strasbourg, all within close walking distance of one another. These buildings are between 30 and 35 minutes\u2019 walk from the <em>Palais de la Musique et des Congr\u00e8s<\/em> (depending on the building):<br>   &#8211;   Palais Universitaire: <a href=\"https:\/\/www.google.com\/maps\/place\/Palais+Universitaire,+Strasbourg,+Pl.+de+l'Universit%C3%A9,+67000+Strasbourg\/@48.5846958,7.7596704,17z\/data=!3m1!4b1!4m6!3m5!1s0x4796c8f8e61a12b5:0x67c35d6542341df6!8m2!3d48.5846923!4d7.7622453!16s%2Fm%2F0zdkr3d?hl=bn&amp;entry=ttu&amp;g_ep=EgoyMDI2MDIwMy4wIKXMDSoASAFQAw%3D%3D\">here<\/a><br>   &#8211;   Facult\u00e9 de psychologie: <a href=\"https:\/\/www.google.com\/maps\/place\/Faculty+of+Psychology+-+University+of+Strasbourg\/@48.5846693,7.7622549,17z\/data=!3m1!4b1!4m6!3m5!1s0x4796c8f96b5fe7c5:0x3d7e2e4b94c79ab7!8m2!3d48.5846658!4d7.7648298!16s%2Fg%2F1hm2txbx8?hl=bn&amp;entry=ttu&amp;g_ep=EgoyMDI2MDIwMy4wIKXMDSoASAFQAw%3D%3D\">here<\/a><br>   &#8211;   Maison Interuniversitaire des Sciences Sociales et des Humanit\u00e9s de l\u2019Alsace (MISHA): <a href=\"https:\/\/www.google.com\/maps\/place\/Maison+interuniversitaire+des+sciences+de+l'Homme\/@48.580286,7.765418,17z\/data=!3m2!4b1!5s0x4796c8fcfffc2443:0xfe7b50697efa44a5!4m6!3m5!1s0x4796c8fdab1d04ef:0x7d1368a1844acdcd!8m2!3d48.5802825!4d7.7679929!16s%2Fg%2F1237k4ff?hl=bn&amp;entry=ttu&amp;g_ep=EgoyMDI2MDIwMy4wIKXMDSoASAFQAw%3D%3D\">here<\/a><br><br>Each preconference offers a focused space for scholarly exchange, collaboration, and dialogue on key topics in contemporary social psychology.<\/p>\n\n\n\n<p>Below you will find the list of accepted preconferences, along with their websites\/programs and important registration information.<\/p>\n\n\n\n<h2 class=\"wp-block-heading\"><strong>Do you plan to join a preconference?&nbsp;<\/strong><\/h2>\n\n\n\n<p>Should you wish to attend one of the preconferences, or have been selected to present at one of them, please make sure to pre-register for that before you start the GM registration (you can <a href=\"https:\/\/parisouestpsy.eu.qualtrics.com\/jfe\/form\/SV_0vSrJyX5CuZtb5c\">pre-register for a preconference here<\/a>). Be quick if you want to secure a spot, as they are limited!<\/p>\n\n\n\n<hr class=\"wp-block-separator has-alpha-channel-opacity\"\/>\n\n\n\n<h3 class=\"wp-block-heading\"><strong>Social Psychology in the Age of AI<\/strong><\/h3>\n\n\n\n<p>Organizers: Marcos Dono (University of Santiago de Compostela), Mengchen Dong (Max Planck Institute for Human Development) &amp; Jim Everett (University of Kent).<br><strong>Website and program <\/strong>: <a href=\"https:\/\/research.kent.ac.uk\/trust-moral-machines\/ai-easp2026-preconference\/\"><strong>here<\/strong><\/a><br><br><\/p>\n\n\n\n<p><\/p>\n\n\n\n<h3 class=\"wp-block-heading\"><strong>New Directions in Self-Regulation and Goal Striving: A Pluralistic Vision for Motivated Behavior<\/strong><\/h3>\n\n\n\n<p>Organizers: Yael Ecker (University of Cologne), Daniela Becker (Radboud University) &amp; Katharina Bernecker (Bern University of Teacher Education).<br><strong>Website and program: <\/strong><a href=\"https:\/\/papaya-concha-4780bb.netlify.app\/\"><strong>here<\/strong><\/a><br><br> <\/p>\n\n\n\n<h3 class=\"wp-block-heading\"> <strong>Navigating Social (Dis)Connection: New Perspectives on Exclusion, Stigma, and Solitude<\/strong><\/h3>\n\n\n\n<p>Organizers: Christiane B\u00fcttner (Stanford University) &amp; Marco Marinucci (University of East Anglia).<br><strong>Website and program: <\/strong><a href=\"https:\/\/disconnectionpreconference.wordpress.com\/\"><strong>here<\/strong><\/a><br><br><\/p>\n\n\n\n<h3 class=\"wp-block-heading\"><strong>Prosocial and Antisocial Behavior: Cross-Cultural Perspectives and Methods<\/strong><\/h3>\n\n\n\n<p>Organizers: Shuxian Jin (University of Sussex) &amp; Catherine Molho (Toulouse School of Economics).<br><strong>Website and program: <\/strong><a href=\"https:\/\/docs.google.com\/document\/d\/1A9I_MaFZW7jnRCUUjlOnXAIUEvrArOoxmNX__r9ttNI\/edit?tab=t.0\"><strong>here<\/strong><\/a><br><br><\/p>\n\n\n\n<h3 class=\"wp-block-heading\"><strong>Morals, Values, and Norms in Intergroup Processes<\/strong><\/h3>\n\n\n\n<p>Organizers: Adi Amit (The Open University of Israel), Gregory Maio (University of Bath), Zaur Afandiyev (Stockholm University) &amp; Tal Moran (The Open University of Israel).<br><strong>Website and program <\/strong>: <a href=\"https:\/\/adiamit.wixsite.com\/easp2026morals\"><strong>here<\/strong><\/a><br><br><\/p>\n\n\n\n<h3 class=\"wp-block-heading\"><strong>Gender and Intersectionality in Social Psychological Research<\/strong><\/h3>\n\n\n\n<p>Organizers: M\u00f3nika Kov\u00e1cs (ELTE University) &amp; Gabriella Kengyel (ELTE University).<br><strong>Website and program<\/strong> : <a href=\"https:\/\/easp2026preconference.ppk.elte.hu\"><strong>here<\/strong><\/a><br><br><\/p>\n\n\n\n<h3 class=\"wp-block-heading\"><strong>Why and how social psychology must break the silence and act in support of Palestine and other oppressed communities<\/strong><\/h3>\n\n\n\n<p>Organizers: Emanuele Politi (KU Leuven), Manuela Barreto (University of Exeter), Sindhuja Sankaran (Sai University) &amp; Rebekka Kesberg (University of Sussex).<br><strong>Program:<\/strong> <a href=\"https:\/\/breakthesilence2026.com\/\"><strong>here<\/strong><\/a><strong>.<\/strong><br><br><\/p>\n\n\n\n<h3 class=\"wp-block-heading\"><strong>Collective Action in Complex Times: What Still Works, What Doesn\u2019t, and Where to Next<\/strong><\/h3>\n\n\n\n<p>Organizers: Helena Radke (James Cook University), Maja Kutlaca (Durham University) &amp; \u00d6zden Melis Ulu\u011f (University of Sussex<br><strong>Website and program: <\/strong><a href=\"https:\/\/sites.google.com\/view\/collective-action-complex-time\/home\"><strong>here<\/strong><\/a><br><br><\/p>\n\n\n\n<h3 class=\"wp-block-heading\"><strong>Social Psychological Processes of Collective Memory<\/strong><\/h3>\n\n\n\n<p>Organizers: Fiona Kazarovytska (Johannes Gutenberg-Universit\u00e4t Mainz), Olivier Klein (Universit\u00e9 Libre de Bruxelles) &amp; Carmen Lienen (FernUniversit\u00e4t in Hagen).<br><strong>Website and program: <a href=\"https:\/\/sites.google.com\/view\/collectivememory\">here<\/a><\/strong><br><br><\/p>\n\n\n\n<h3 class=\"wp-block-heading\"><strong>Individual and Collective Victimhood \u2013 Insights and Current Challenges&nbsp;Amidst Ongoing Historical and Societal Traumas<\/strong><\/h3>\n\n\n\n<p>Organizers: Theofilos Gkinopoulos (University of Nicosia \/ University of Warsaw), Michal Bilewicz (University of Warsaw), Jessie Barton Hrone\u0161ov\u00e1 (UCL) &amp; Mario Gollwitzer (LMU Munich).<br><strong>Website and program<\/strong> : <a href=\"https:\/\/sites.google.com\/view\/victimhoodpreconference\/home\"><strong>here<\/strong><\/a><br><br><\/p>\n\n\n\n<h3 class=\"wp-block-heading\"><strong>Advancing LGBTQIA+ Research the Globe<\/strong><\/h3>\n\n\n\n<p>Organizers: Cameron Hall (University of British Columbia), Cass Crone (Macquarie University), Daliah Marei (University of Toronto), Esra Ummak (VID Specialized University), \u00c9va G\u00e1ti (E\u00f6tv\u00f6s Lor\u00e1nd University), Jaime Barrientos (Universidad Alberto Hurtado), Jordan Hinton (La Trobe University), Julia Spielmann (New York University Abu Dhabi), Lebogang Manthibe Ramalepe (University of Johannesburg), Patricia Ciordas (E\u00f6tv\u00f6s Lor\u00e1nd University), Tabea H\u00e4ssler (University of Z\u00fcrich), Yvonne Otuber (independent psychologist), Z. Ferguson (University of Kaiserslautern-Landau).<br><strong>Website and program <\/strong>: <a href=\"https:\/\/drive.switch.ch\/index.php\/s\/l5UQSc2FZoKoW1E\"><strong>here<\/strong><\/a><br><br><\/p>\n\n\n\n<h3 class=\"wp-block-heading\"><strong>The Psychology of Reaction: Exploring Reactionary Social Movements Through Social Psychological Frameworks<\/strong><\/h3>\n\n\n\n<p>Organizers: Gosia Miko\u0142ajczak (ANU), Morgana Lizzio-Wilson (University of Exeter), Emma Thomas (Flinders University), Charlie Pittaway (Flinders University), Bridget Ramsey (Flinders University), Kieren Lilly (University of Queensland).<br><strong>Website and program <\/strong>: <a href=\"https:\/\/giwl.anu.edu.au\/events\/easp-general-meeting-2026-psychology-reaction-preconference\"><strong>here<\/strong><\/a><br><br><br><\/p>\n\n\n\n<h2 class=\"wp-block-heading\"><strong>IMPORTANT INFORMATION<\/strong><\/h2>\n\n\n\n<p><strong>Registration:<\/strong><br>All attendees (speakers and audience) must:<br>1) Pre-register as speaker or audience (depending on their role) via the pre-registration survey: <a href=\"https:\/\/parisouestpsy.eu.qualtrics.com\/jfe\/form\/SV_0vSrJyX5CuZtb5c\">https:\/\/parisouestpsy.eu.qualtrics.com\/jfe\/form\/SV_0vSrJyX5CuZtb5c<\/a><\/p>\n\n\n\n<p> This is necessary to ensure a seat in the chosen preconference,<br>2) register for the EASP General Meeting and tick the preconference box via the official conference portal. This is necessary to state that they pre-registered to one preconference and add the additional preconference fee.<\/p>\n\n\n\n<p>Both steps are required to be considered officially registered to one preconference.<br><br>Chairs (preconference organizers) only need to tick the preconference box while registering to the General Meeting (their seat is already ensured).<br><\/p>\n\n\n\n<p><br><strong>Participation fee for the General Meeting:<br><\/strong><a href=\"https:\/\/easp2026strasbourg.com\/index.php\/registration-information-and-price\/\">https:\/\/easp2026strasbourg.com\/index.php\/registration-information-and-price\/<\/a><\/p>\n\n\n\n<p><strong>Participation fee for the preconference:<\/strong><br>\u20ac60<\/p>\n\n\n\n<p><strong>Submitted papers:<\/strong><br>The general deadline for submitting an abstract expired on 5 January 2026. <br>Decisions were communicated by the 25th of January 2026.<\/p>\n\n\n\n<p><strong>Date of preconferences:<\/strong><br>30 June 2026, Strasbourg, France.<\/p>\n\n\n\n<p><strong>Note:<\/strong><br>Participants (organisers, speakers and audience) may register for only one preconference. All participants (chairs, speakers, audience) are expected to attend in person.&nbsp;Exceptions to the latter may be considered for speakers in very specific circumstances.<\/p>\n\n\n\n<p><\/p>\n","protected":false},"excerpt":{"rendered":"<p>EASP 2026 PRECONFERENCES Strasbourg, France \u2013 30 June 2026 Before the official opening of the 2026 European Association of Social Psychology (EASP) General Meeting, twelve thematic preconferences will take place on 30 June 2026 in Strasbourg, France. All preconferences will be hosted in three buildings of the University of Strasbourg, all within close walking distance [&hellip;]<\/p>\n","protected":false},"author":3,"featured_media":0,"parent":0,"menu_order":4,"comment_status":"closed","ping_status":"closed","template":"","meta":{"ocean_post_layout":"","ocean_both_sidebars_style":"","ocean_both_sidebars_content_width":0,"ocean_both_sidebars_sidebars_width":0,"ocean_sidebar":"","ocean_second_sidebar":"","ocean_disable_margins":"enable","ocean_add_body_class":"","ocean_shortcode_before_top_bar":"","ocean_shortcode_after_top_bar":"","ocean_shortcode_before_header":"","ocean_shortcode_after_header":"","ocean_has_shortcode":"","ocean_shortcode_after_title":"","ocean_shortcode_before_footer_widgets":"","ocean_shortcode_after_footer_widgets":"","ocean_shortcode_before_footer_bottom":"","ocean_shortcode_after_footer_bottom":"","ocean_display_top_bar":"default","ocean_display_header":"default","ocean_header_style":"","ocean_center_header_left_menu":"","ocean_custom_header_template":"","ocean_custom_logo":0,"ocean_custom_retina_logo":0,"ocean_custom_logo_max_width":0,"ocean_custom_logo_tablet_max_width":0,"ocean_custom_logo_mobile_max_width":0,"ocean_custom_logo_max_height":0,"ocean_custom_logo_tablet_max_height":0,"ocean_custom_logo_mobile_max_height":0,"ocean_header_custom_menu":"","ocean_menu_typo_font_family":"","ocean_menu_typo_font_subset":"","ocean_menu_typo_font_size":0,"ocean_menu_typo_font_size_tablet":0,"ocean_menu_typo_font_size_mobile":0,"ocean_menu_typo_font_size_unit":"px","ocean_menu_typo_font_weight":"","ocean_menu_typo_font_weight_tablet":"","ocean_menu_typo_font_weight_mobile":"","ocean_menu_typo_transform":"","ocean_menu_typo_transform_tablet":"","ocean_menu_typo_transform_mobile":"","ocean_menu_typo_line_height":0,"ocean_menu_typo_line_height_tablet":0,"ocean_menu_typo_line_height_mobile":0,"ocean_menu_typo_line_height_unit":"","ocean_menu_typo_spacing":0,"ocean_menu_typo_spacing_tablet":0,"ocean_menu_typo_spacing_mobile":0,"ocean_menu_typo_spacing_unit":"","ocean_menu_link_color":"","ocean_menu_link_color_hover":"","ocean_menu_link_color_active":"","ocean_menu_link_background":"","ocean_menu_link_hover_background":"","ocean_menu_link_active_background":"","ocean_menu_social_links_bg":"","ocean_menu_social_hover_links_bg":"","ocean_menu_social_links_color":"","ocean_menu_social_hover_links_color":"","ocean_disable_title":"default","ocean_disable_heading":"default","ocean_post_title":"","ocean_post_subheading":"","ocean_post_title_style":"","ocean_post_title_background_color":"","ocean_post_title_background":0,"ocean_post_title_bg_image_position":"","ocean_post_title_bg_image_attachment":"","ocean_post_title_bg_image_repeat":"","ocean_post_title_bg_image_size":"","ocean_post_title_height":0,"ocean_post_title_bg_overlay":0.5,"ocean_post_title_bg_overlay_color":"","ocean_disable_breadcrumbs":"default","ocean_breadcrumbs_color":"","ocean_breadcrumbs_separator_color":"","ocean_breadcrumbs_links_color":"","ocean_breadcrumbs_links_hover_color":"","ocean_display_footer_widgets":"default","ocean_display_footer_bottom":"default","ocean_custom_footer_template":"","footnotes":""},"class_list":["post-85","page","type-page","status-publish","hentry","entry"],"_links":{"self":[{"href":"https:\/\/easp2026strasbourg.com\/index.php\/wp-json\/wp\/v2\/pages\/85","targetHints":{"allow":["GET"]}}],"collection":[{"href":"https:\/\/easp2026strasbourg.com\/index.php\/wp-json\/wp\/v2\/pages"}],"about":[{"href":"https:\/\/easp2026strasbourg.com\/index.php\/wp-json\/wp\/v2\/types\/page"}],"author":[{"embeddable":true,"href":"https:\/\/easp2026strasbourg.com\/index.php\/wp-json\/wp\/v2\/users\/3"}],"replies":[{"embeddable":true,"href":"https:\/\/easp2026strasbourg.com\/index.php\/wp-json\/wp\/v2\/comments?post=85"}],"version-history":[{"count":58,"href":"https:\/\/easp2026strasbourg.com\/index.php\/wp-json\/wp\/v2\/pages\/85\/revisions"}],"predecessor-version":[{"id":930,"href":"https:\/\/easp2026strasbourg.com\/index.php\/wp-json\/wp\/v2\/pages\/85\/revisions\/930"}],"wp:attachment":[{"href":"https:\/\/easp2026strasbourg.com\/index.php\/wp-json\/wp\/v2\/media?parent=85"}],"curies":[{"name":"wp","href":"https:\/\/api.w.org\/{rel}","templated":true}]}}