{"id":360,"date":"2025-07-17T15:35:39","date_gmt":"2025-07-17T13:35:39","guid":{"rendered":"https:\/\/easp2026strasbourg.com\/?page_id=360"},"modified":"2025-10-01T15:47:53","modified_gmt":"2025-10-01T13:47:53","slug":"local-organising-team","status":"publish","type":"page","link":"https:\/\/easp2026strasbourg.com\/index.php\/local-organising-team\/","title":{"rendered":"Organising Committee"},"content":{"rendered":"\n<h1 class=\"wp-block-heading\">Organising Committee<\/h1>\n\n\n\n<p><strong>Contact : contact@easp2026strasbourg.com<\/strong><\/p>\n\n\n\n<h2 class=\"wp-block-heading\">Committee Chair<\/h2>\n\n\n\n<p>Chair : Marie-Pierre Fayant<\/p>\n\n\n\n<p>Co-chairs: Maja Becker (scientific organisation), David Vaidis (event organisation)<\/p>\n\n\n\n<h2 class=\"wp-block-heading\">Scientific committee liaison&nbsp;<\/h2>\n\n\n\n<p>Lead: Th\u00e9odore Alexopoulos<\/p>\n\n\n\n<p>Team: Jean-Claude Croizet, Vincent Yzerbyt<\/p>\n\n\n\n<h2 class=\"wp-block-heading\">Programme &amp; Scheduling<\/h2>\n\n\n\n<p>Lead: Nicolas Sommet<\/p>\n\n\n\n<p>Team: C\u00e9line Darnon, S\u00e9bastien Goudeau, Jean-Baptiste L\u00e9gal, Ivane Nuel<\/p>\n\n\n\n<h2 class=\"wp-block-heading\">Communication<\/h2>\n\n\n\n<p>Lead: Fanny Lalot &amp; Ga\u00eblle Marinthe<\/p>\n\n\n\n<p>Team: Lucia Bosone, Inna Bovina, St\u00e9ph\u00e9line Ginguen\u00e9, Aur\u00e9lien Graton, Kamilla Khamzina, Eve Legrand, Claudia Teran-Escobar, Antton Timera, Luc Vieira<\/p>\n\n\n\n<h2 class=\"wp-block-heading\">Pre-conference Organisation<\/h2>\n\n\n\n<p>Lead: Efisio Manunta<\/p>\n\n\n\n<p>Team: Peggy Chekroun, Octavia Ionescu, Zo\u00e9 Viviand<\/p>\n\n\n\n<h2 class=\"wp-block-heading\">Strasbourg Expertise\/Local&nbsp;<\/h2>\n\n\n\n<p>Lead: Odile Rohmer<\/p>\n\n\n\n<p>Team: Bruno Chauvin, Thibaut Kinnig, Maria Popa-Roch<\/p>\n\n\n\n<h2 class=\"wp-block-heading\">Sponsoring<\/h2>\n\n\n\n<p>Lead: M\u00e9lody Mailliez<\/p>\n\n\n\n<p>Team: Benjamin Aubert-Teillaud, Th\u00e9o Besson, Ho\u00ef-Tong Wong<\/p>\n\n\n\n<h2 class=\"wp-block-heading\">Environment &amp; Sustainability<\/h2>\n\n\n\n<p>Lead: Aur\u00e9lien Graton<\/p>\n\n\n\n<p>Team: Ianis Chassang, Aurore Gaboriaud, Nicolas Kaczmarek, Lolita Rubens<\/p>\n\n\n\n<h2 class=\"wp-block-heading\">Diversity, Equity, Inclusion<\/h2>\n\n\n\n<p>Lead: Camille Sanrey<\/p>\n\n\n\n<p>Team: Renaud Mabire-Yon, Arnaud Stanczak, B\u00e9atrice Sternberg<\/p>\n\n\n\n<h2 class=\"wp-block-heading\">Front Desk\/Welcome&nbsp;<\/h2>\n\n\n\n<p>Lead: Am\u00e9lie Bret<\/p>\n\n\n\n<p>Team: Yara Alnajjar, Paul Bertin, Carla Capuano, Caroline Da Silva, Ha\u00effat Maoulida-Soilihi, Johanne Mzidabi, Pauline Rasset<\/p>\n\n\n\n<p><\/p>\n\n\n\n<h2 class=\"wp-block-heading\">Logistic organiser<\/h2>\n\n\n\n<p><a href=\"https:\/\/sfc.unistra.fr\/congres-formation\/\">Convention Unit<\/a> of the <a href=\"https:\/\/www.unistra.fr\/\">Universit\u00e9 de Strasbourg<\/a><\/p>\n","protected":false},"excerpt":{"rendered":"<p>Organising Committee Contact : contact@easp2026strasbourg.com Committee Chair Chair : Marie-Pierre Fayant Co-chairs: Maja Becker (scientific organisation), David Vaidis (event organisation) Scientific committee liaison&nbsp; Lead: Th\u00e9odore Alexopoulos Team: Jean-Claude Croizet, Vincent Yzerbyt Programme &amp; Scheduling Lead: Nicolas Sommet Team: C\u00e9line Darnon, S\u00e9bastien Goudeau, Jean-Baptiste L\u00e9gal, Ivane Nuel Communication Lead: Fanny Lalot &amp; Ga\u00eblle Marinthe Team: Lucia [&hellip;]<\/p>\n","protected":false},"author":1,"featured_media":0,"parent":0,"menu_order":0,"comment_status":"closed","ping_status":"closed","template":"","meta":{"ocean_post_layout":"","ocean_both_sidebars_style":"","ocean_both_sidebars_content_width":0,"ocean_both_sidebars_sidebars_width":0,"ocean_sidebar":"","ocean_second_sidebar":"","ocean_disable_margins":"enable","ocean_add_body_class":"","ocean_shortcode_before_top_bar":"","ocean_shortcode_after_top_bar":"","ocean_shortcode_before_header":"","ocean_shortcode_after_header":"","ocean_has_shortcode":"","ocean_shortcode_after_title":"","ocean_shortcode_before_footer_widgets":"","ocean_shortcode_after_footer_widgets":"","ocean_shortcode_before_footer_bottom":"","ocean_shortcode_after_footer_bottom":"","ocean_display_top_bar":"default","ocean_display_header":"default","ocean_header_style":"","ocean_center_header_left_menu":"","ocean_custom_header_template":"","ocean_custom_logo":0,"ocean_custom_retina_logo":0,"ocean_custom_logo_max_width":0,"ocean_custom_logo_tablet_max_width":0,"ocean_custom_logo_mobile_max_width":0,"ocean_custom_logo_max_height":0,"ocean_custom_logo_tablet_max_height":0,"ocean_custom_logo_mobile_max_height":0,"ocean_header_custom_menu":"","ocean_menu_typo_font_family":"","ocean_menu_typo_font_subset":"","ocean_menu_typo_font_size":0,"ocean_menu_typo_font_size_tablet":0,"ocean_menu_typo_font_size_mobile":0,"ocean_menu_typo_font_size_unit":"px","ocean_menu_typo_font_weight":"","ocean_menu_typo_font_weight_tablet":"","ocean_menu_typo_font_weight_mobile":"","ocean_menu_typo_transform":"","ocean_menu_typo_transform_tablet":"","ocean_menu_typo_transform_mobile":"","ocean_menu_typo_line_height":0,"ocean_menu_typo_line_height_tablet":0,"ocean_menu_typo_line_height_mobile":0,"ocean_menu_typo_line_height_unit":"","ocean_menu_typo_spacing":0,"ocean_menu_typo_spacing_tablet":0,"ocean_menu_typo_spacing_mobile":0,"ocean_menu_typo_spacing_unit":"","ocean_menu_link_color":"","ocean_menu_link_color_hover":"","ocean_menu_link_color_active":"","ocean_menu_link_background":"","ocean_menu_link_hover_background":"","ocean_menu_link_active_background":"","ocean_menu_social_links_bg":"","ocean_menu_social_hover_links_bg":"","ocean_menu_social_links_color":"","ocean_menu_social_hover_links_color":"","ocean_disable_title":"default","ocean_disable_heading":"default","ocean_post_title":"","ocean_post_subheading":"","ocean_post_title_style":"","ocean_post_title_background_color":"","ocean_post_title_background":0,"ocean_post_title_bg_image_position":"","ocean_post_title_bg_image_attachment":"","ocean_post_title_bg_image_repeat":"","ocean_post_title_bg_image_size":"","ocean_post_title_height":0,"ocean_post_title_bg_overlay":0.5,"ocean_post_title_bg_overlay_color":"","ocean_disable_breadcrumbs":"default","ocean_breadcrumbs_color":"","ocean_breadcrumbs_separator_color":"","ocean_breadcrumbs_links_color":"","ocean_breadcrumbs_links_hover_color":"","ocean_display_footer_widgets":"default","ocean_display_footer_bottom":"default","ocean_custom_footer_template":"","footnotes":""},"class_list":["post-360","page","type-page","status-publish","hentry","entry"],"_links":{"self":[{"href":"https:\/\/easp2026strasbourg.com\/index.php\/wp-json\/wp\/v2\/pages\/360","targetHints":{"allow":["GET"]}}],"collection":[{"href":"https:\/\/easp2026strasbourg.com\/index.php\/wp-json\/wp\/v2\/pages"}],"about":[{"href":"https:\/\/easp2026strasbourg.com\/index.php\/wp-json\/wp\/v2\/types\/page"}],"author":[{"embeddable":true,"href":"https:\/\/easp2026strasbourg.com\/index.php\/wp-json\/wp\/v2\/users\/1"}],"replies":[{"embeddable":true,"href":"https:\/\/easp2026strasbourg.com\/index.php\/wp-json\/wp\/v2\/comments?post=360"}],"version-history":[{"count":9,"href":"https:\/\/easp2026strasbourg.com\/index.php\/wp-json\/wp\/v2\/pages\/360\/revisions"}],"predecessor-version":[{"id":631,"href":"https:\/\/easp2026strasbourg.com\/index.php\/wp-json\/wp\/v2\/pages\/360\/revisions\/631"}],"wp:attachment":[{"href":"https:\/\/easp2026strasbourg.com\/index.php\/wp-json\/wp\/v2\/media?parent=360"}],"curies":[{"name":"wp","href":"https:\/\/api.w.org\/{rel}","templated":true}]}}